{"id":9310,"date":"2023-12-07T16:44:34","date_gmt":"2023-12-07T16:44:34","guid":{"rendered":"https:\/\/indtesa-electronica.com\/?post_type=product&#038;p=9310"},"modified":"2025-03-01T02:24:18","modified_gmt":"2025-03-01T02:24:18","slug":"medidor-de-flujo-de-energia-wi-fi-sensor-y-monitor","status":"publish","type":"product","link":"https:\/\/indtesa-electronica.com\/en\/tienda-en-linea\/herramientas\/control\/medidor-de-flujo-de-energia-wi-fi-sensor-y-monitor\/","title":{"rendered":"Medidor de Flujo de Energia, Wi-fi Sensor y Monitor, 2 Vias"},"content":{"rendered":"<p>Voltaje: AC100-240V 50\/60Hz<br \/>\nCarga m\u00e1xima: 1CH : 0.2-80A, 2CH : 2x(0.2-80A)<br \/>\nFrecuencia de operaci\u00f3n: 2.412GHz-2.484GHz<br \/>\nTemperatura de operaci\u00f3n: -10\u00b0C + 40\u00b0C<br \/>\nProtocolo: WIFI IEEE 802.11b\/g\/n<br \/>\nRango de operaci\u00f3n: &lt;100m<br \/>\nDimensiones (WxDxH): 39.2&#215;39.2&#215;18 mm<br \/>\nRatio de IP: IP20<\/p>","protected":false},"excerpt":{"rendered":"<p>Dise\u00f1o rico en funciones: monitoreo en tiempo real del consumo de energ\u00eda kWh de voltaje, corriente y potencia, rangos de medici\u00f3n de corriente: 0.2-80A. Admite valores establecidos autom\u00e1ticamente y notificaciones push.<br \/>\nEstad\u00edsticas de potencia: puede monitorear la mayor\u00eda de los electrodom\u00e9sticos, monitoreo en tiempo real del consumo de energ\u00eda y la energ\u00eda est\u00e1tica, verifique la cantidad de facturas de electricidad en cualquier momento para ahorrar dinero.<br \/>\nAplicaci\u00f3n de acceso a: monitor de energ\u00eda en tiempo real, medidor de kWh, registro de consumo de energ\u00eda y estad\u00edsticas de energ\u00eda<\/p>","protected":false},"featured_media":9311,"template":"","meta":{"_gspb_post_css":""},"product_brand":[],"product_cat":[138],"product_tag":[],"class_list":{"0":"post-9310","1":"product","2":"type-product","3":"status-publish","4":"has-post-thumbnail","6":"product_cat-control","8":"first","9":"instock","10":"taxable","11":"shipping-taxable","12":"purchasable","13":"product-type-simple"},"ct_brands":[],"yoast_head":"<!-- This site is optimized with the Yoast SEO plugin v27.1.1 - https:\/\/yoast.com\/product\/yoast-seo-wordpress\/ -->\n<title>Medidor de Flujo de Energia, Wi-fi Sensor y Monitor, 2 Vias | IndTESA<\/title>\n<meta name=\"robots\" content=\"index, follow, max-snippet:-1, max-image-preview:large, max-video-preview:-1\" \/>\n<link rel=\"canonical\" href=\"https:\/\/indtesa-electronica.com\/en\/tienda-en-linea\/herramientas\/control\/medidor-de-flujo-de-energia-wi-fi-sensor-y-monitor\/\" \/>\n<meta property=\"og:locale\" content=\"en_US\" \/>\n<meta property=\"og:type\" content=\"article\" \/>\n<meta property=\"og:title\" content=\"Medidor de Flujo de Energia, Wi-fi Sensor y Monitor, 2 Vias | IndTESA\" \/>\n<meta property=\"og:description\" content=\"Dise\u00f1o rico en funciones: monitoreo en tiempo real del consumo de energ\u00eda kWh de voltaje, corriente y potencia, rangos de medici\u00f3n de corriente: 0.2-80A. Admite valores establecidos autom\u00e1ticamente y notificaciones push. Estad\u00edsticas de potencia: puede monitorear la mayor\u00eda de los electrodom\u00e9sticos, monitoreo en tiempo real del consumo de energ\u00eda y la energ\u00eda est\u00e1tica, verifique la cantidad de facturas de electricidad en cualquier momento para ahorrar dinero. Aplicaci\u00f3n de acceso a: monitor de energ\u00eda en tiempo real, medidor de kWh, registro de consumo de energ\u00eda y estad\u00edsticas de energ\u00eda\" \/>\n<meta property=\"og:url\" content=\"https:\/\/indtesa-electronica.com\/en\/tienda-en-linea\/herramientas\/control\/medidor-de-flujo-de-energia-wi-fi-sensor-y-monitor\/\" \/>\n<meta property=\"og:site_name\" content=\"IndTESA\" \/>\n<meta property=\"article:modified_time\" content=\"2025-03-01T02:24:18+00:00\" \/>\n<meta property=\"og:image\" content=\"https:\/\/indtesa-electronica.com\/wp-content\/uploads\/2023\/12\/Medidor-de-Flujo-de-Energia-Wi-fi-Sensor-y-Monitor.png\" \/>\n\t<meta property=\"og:image:width\" content=\"580\" \/>\n\t<meta property=\"og:image:height\" content=\"580\" \/>\n\t<meta property=\"og:image:type\" content=\"image\/png\" \/>\n<meta name=\"twitter:card\" content=\"summary_large_image\" \/>\n<meta name=\"twitter:label1\" content=\"Est. reading time\" \/>\n\t<meta name=\"twitter:data1\" content=\"1 minute\" \/>\n<script type=\"application\/ld+json\" class=\"yoast-schema-graph\">{\"@context\":\"https:\/\/schema.org\",\"@graph\":[{\"@type\":\"WebPage\",\"@id\":\"https:\/\/indtesa-electronica.com\/tienda-en-linea\/herramientas\/control\/medidor-de-flujo-de-energia-wi-fi-sensor-y-monitor\/\",\"url\":\"https:\/\/indtesa-electronica.com\/tienda-en-linea\/herramientas\/control\/medidor-de-flujo-de-energia-wi-fi-sensor-y-monitor\/\",\"name\":\"Medidor de Flujo de Energia, Wi-fi Sensor y Monitor, 2 Vias | IndTESA\",\"isPartOf\":{\"@id\":\"https:\/\/indtesa-electronica.com\/#website\"},\"primaryImageOfPage\":{\"@id\":\"https:\/\/indtesa-electronica.com\/tienda-en-linea\/herramientas\/control\/medidor-de-flujo-de-energia-wi-fi-sensor-y-monitor\/#primaryimage\"},\"image\":{\"@id\":\"https:\/\/indtesa-electronica.com\/tienda-en-linea\/herramientas\/control\/medidor-de-flujo-de-energia-wi-fi-sensor-y-monitor\/#primaryimage\"},\"thumbnailUrl\":\"https:\/\/indtesa-electronica.com\/wp-content\/uploads\/2023\/12\/Medidor-de-Flujo-de-Energia-Wi-fi-Sensor-y-Monitor.png\",\"datePublished\":\"2023-12-07T16:44:34+00:00\",\"dateModified\":\"2025-03-01T02:24:18+00:00\",\"breadcrumb\":{\"@id\":\"https:\/\/indtesa-electronica.com\/tienda-en-linea\/herramientas\/control\/medidor-de-flujo-de-energia-wi-fi-sensor-y-monitor\/#breadcrumb\"},\"inLanguage\":\"en-US\",\"potentialAction\":[{\"@type\":\"ReadAction\",\"target\":[\"https:\/\/indtesa-electronica.com\/tienda-en-linea\/herramientas\/control\/medidor-de-flujo-de-energia-wi-fi-sensor-y-monitor\/\"]}]},{\"@type\":\"ImageObject\",\"inLanguage\":\"en-US\",\"@id\":\"https:\/\/indtesa-electronica.com\/tienda-en-linea\/herramientas\/control\/medidor-de-flujo-de-energia-wi-fi-sensor-y-monitor\/#primaryimage\",\"url\":\"https:\/\/indtesa-electronica.com\/wp-content\/uploads\/2023\/12\/Medidor-de-Flujo-de-Energia-Wi-fi-Sensor-y-Monitor.png\",\"contentUrl\":\"https:\/\/indtesa-electronica.com\/wp-content\/uploads\/2023\/12\/Medidor-de-Flujo-de-Energia-Wi-fi-Sensor-y-Monitor.png\",\"width\":580,\"height\":580},{\"@type\":\"BreadcrumbList\",\"@id\":\"https:\/\/indtesa-electronica.com\/tienda-en-linea\/herramientas\/control\/medidor-de-flujo-de-energia-wi-fi-sensor-y-monitor\/#breadcrumb\",\"itemListElement\":[{\"@type\":\"ListItem\",\"position\":1,\"name\":\"Inicio\",\"item\":\"https:\/\/indtesa-electronica.com\/\"},{\"@type\":\"ListItem\",\"position\":2,\"name\":\"Tienda en linea\",\"item\":\"https:\/\/indtesa-electronica.com\/tienda-en-linea\/\"},{\"@type\":\"ListItem\",\"position\":3,\"name\":\"Medidor de Flujo de Energia, Wi-fi Sensor y Monitor, 2 Vias\"}]},{\"@type\":\"WebSite\",\"@id\":\"https:\/\/indtesa-electronica.com\/#website\",\"url\":\"https:\/\/indtesa-electronica.com\/\",\"name\":\"Electronica - IndTESA\",\"description\":\"\",\"publisher\":{\"@id\":\"https:\/\/indtesa-electronica.com\/#organization\"},\"potentialAction\":[{\"@type\":\"SearchAction\",\"target\":{\"@type\":\"EntryPoint\",\"urlTemplate\":\"https:\/\/indtesa-electronica.com\/?s={search_term_string}\"},\"query-input\":{\"@type\":\"PropertyValueSpecification\",\"valueRequired\":true,\"valueName\":\"search_term_string\"}}],\"inLanguage\":\"en-US\"},{\"@type\":\"Organization\",\"@id\":\"https:\/\/indtesa-electronica.com\/#organization\",\"name\":\"Industrial TESA S.A.S. de C.V.\",\"url\":\"https:\/\/indtesa-electronica.com\/\",\"logo\":{\"@type\":\"ImageObject\",\"inLanguage\":\"en-US\",\"@id\":\"https:\/\/indtesa-electronica.com\/#\/schema\/logo\/image\/\",\"url\":\"\",\"contentUrl\":\"\",\"caption\":\"Industrial TESA S.A.S. de C.V.\"},\"image\":{\"@id\":\"https:\/\/indtesa-electronica.com\/#\/schema\/logo\/image\/\"}}]}<\/script>\n<!-- \/ Yoast SEO plugin. -->","yoast_head_json":{"title":"Medidor de Flujo de Energia, Wi-fi Sensor y Monitor, 2 Vias | IndTESA","robots":{"index":"index","follow":"follow","max-snippet":"max-snippet:-1","max-image-preview":"max-image-preview:large","max-video-preview":"max-video-preview:-1"},"canonical":"https:\/\/indtesa-electronica.com\/en\/tienda-en-linea\/herramientas\/control\/medidor-de-flujo-de-energia-wi-fi-sensor-y-monitor\/","og_locale":"en_US","og_type":"article","og_title":"Medidor de Flujo de Energia, Wi-fi Sensor y Monitor, 2 Vias | IndTESA","og_description":"Dise\u00f1o rico en funciones: monitoreo en tiempo real del consumo de energ\u00eda kWh de voltaje, corriente y potencia, rangos de medici\u00f3n de corriente: 0.2-80A. Admite valores establecidos autom\u00e1ticamente y notificaciones push. Estad\u00edsticas de potencia: puede monitorear la mayor\u00eda de los electrodom\u00e9sticos, monitoreo en tiempo real del consumo de energ\u00eda y la energ\u00eda est\u00e1tica, verifique la cantidad de facturas de electricidad en cualquier momento para ahorrar dinero. Aplicaci\u00f3n de acceso a: monitor de energ\u00eda en tiempo real, medidor de kWh, registro de consumo de energ\u00eda y estad\u00edsticas de energ\u00eda","og_url":"https:\/\/indtesa-electronica.com\/en\/tienda-en-linea\/herramientas\/control\/medidor-de-flujo-de-energia-wi-fi-sensor-y-monitor\/","og_site_name":"IndTESA","article_modified_time":"2025-03-01T02:24:18+00:00","og_image":[{"width":580,"height":580,"url":"https:\/\/indtesa-electronica.com\/wp-content\/uploads\/2023\/12\/Medidor-de-Flujo-de-Energia-Wi-fi-Sensor-y-Monitor.png","type":"image\/png"}],"twitter_card":"summary_large_image","twitter_misc":{"Est. reading time":"1 minute"},"schema":{"@context":"https:\/\/schema.org","@graph":[{"@type":"WebPage","@id":"https:\/\/indtesa-electronica.com\/tienda-en-linea\/herramientas\/control\/medidor-de-flujo-de-energia-wi-fi-sensor-y-monitor\/","url":"https:\/\/indtesa-electronica.com\/tienda-en-linea\/herramientas\/control\/medidor-de-flujo-de-energia-wi-fi-sensor-y-monitor\/","name":"Medidor de Flujo de Energia, Wi-fi Sensor y Monitor, 2 Vias | IndTESA","isPartOf":{"@id":"https:\/\/indtesa-electronica.com\/#website"},"primaryImageOfPage":{"@id":"https:\/\/indtesa-electronica.com\/tienda-en-linea\/herramientas\/control\/medidor-de-flujo-de-energia-wi-fi-sensor-y-monitor\/#primaryimage"},"image":{"@id":"https:\/\/indtesa-electronica.com\/tienda-en-linea\/herramientas\/control\/medidor-de-flujo-de-energia-wi-fi-sensor-y-monitor\/#primaryimage"},"thumbnailUrl":"https:\/\/indtesa-electronica.com\/wp-content\/uploads\/2023\/12\/Medidor-de-Flujo-de-Energia-Wi-fi-Sensor-y-Monitor.png","datePublished":"2023-12-07T16:44:34+00:00","dateModified":"2025-03-01T02:24:18+00:00","breadcrumb":{"@id":"https:\/\/indtesa-electronica.com\/tienda-en-linea\/herramientas\/control\/medidor-de-flujo-de-energia-wi-fi-sensor-y-monitor\/#breadcrumb"},"inLanguage":"en-US","potentialAction":[{"@type":"ReadAction","target":["https:\/\/indtesa-electronica.com\/tienda-en-linea\/herramientas\/control\/medidor-de-flujo-de-energia-wi-fi-sensor-y-monitor\/"]}]},{"@type":"ImageObject","inLanguage":"en-US","@id":"https:\/\/indtesa-electronica.com\/tienda-en-linea\/herramientas\/control\/medidor-de-flujo-de-energia-wi-fi-sensor-y-monitor\/#primaryimage","url":"https:\/\/indtesa-electronica.com\/wp-content\/uploads\/2023\/12\/Medidor-de-Flujo-de-Energia-Wi-fi-Sensor-y-Monitor.png","contentUrl":"https:\/\/indtesa-electronica.com\/wp-content\/uploads\/2023\/12\/Medidor-de-Flujo-de-Energia-Wi-fi-Sensor-y-Monitor.png","width":580,"height":580},{"@type":"BreadcrumbList","@id":"https:\/\/indtesa-electronica.com\/tienda-en-linea\/herramientas\/control\/medidor-de-flujo-de-energia-wi-fi-sensor-y-monitor\/#breadcrumb","itemListElement":[{"@type":"ListItem","position":1,"name":"Inicio","item":"https:\/\/indtesa-electronica.com\/"},{"@type":"ListItem","position":2,"name":"Tienda en linea","item":"https:\/\/indtesa-electronica.com\/tienda-en-linea\/"},{"@type":"ListItem","position":3,"name":"Medidor de Flujo de Energia, Wi-fi Sensor y Monitor, 2 Vias"}]},{"@type":"WebSite","@id":"https:\/\/indtesa-electronica.com\/#website","url":"https:\/\/indtesa-electronica.com\/","name":"Electronica - IndTESA","description":"","publisher":{"@id":"https:\/\/indtesa-electronica.com\/#organization"},"potentialAction":[{"@type":"SearchAction","target":{"@type":"EntryPoint","urlTemplate":"https:\/\/indtesa-electronica.com\/?s={search_term_string}"},"query-input":{"@type":"PropertyValueSpecification","valueRequired":true,"valueName":"search_term_string"}}],"inLanguage":"en-US"},{"@type":"Organization","@id":"https:\/\/indtesa-electronica.com\/#organization","name":"Industrial TESA S.A.S. de C.V.","url":"https:\/\/indtesa-electronica.com\/","logo":{"@type":"ImageObject","inLanguage":"en-US","@id":"https:\/\/indtesa-electronica.com\/#\/schema\/logo\/image\/","url":"","contentUrl":"","caption":"Industrial TESA S.A.S. de C.V."},"image":{"@id":"https:\/\/indtesa-electronica.com\/#\/schema\/logo\/image\/"}}]}},"jetpack_sharing_enabled":true,"tiered_pricing_type":"fixed","tiered_pricing_fixed_rules":[],"tiered_pricing_product_settings":{"layout":"default","base_unit_name":{"singular":null,"plural":null},"default_variation":null},"tiered_pricing_minimum_quantity":null,"tiered_pricing_roles_data":[],"tiered_pricing_percentage_rules":[],"_links":{"self":[{"href":"https:\/\/indtesa-electronica.com\/en\/wp-json\/wp\/v2\/product\/9310","targetHints":{"allow":["GET"]}}],"collection":[{"href":"https:\/\/indtesa-electronica.com\/en\/wp-json\/wp\/v2\/product"}],"about":[{"href":"https:\/\/indtesa-electronica.com\/en\/wp-json\/wp\/v2\/types\/product"}],"wp:featuredmedia":[{"embeddable":true,"href":"https:\/\/indtesa-electronica.com\/en\/wp-json\/wp\/v2\/media\/9311"}],"wp:attachment":[{"href":"https:\/\/indtesa-electronica.com\/en\/wp-json\/wp\/v2\/media?parent=9310"}],"wp:term":[{"taxonomy":"product_brand","embeddable":true,"href":"https:\/\/indtesa-electronica.com\/en\/wp-json\/wp\/v2\/product_brand?post=9310"},{"taxonomy":"product_cat","embeddable":true,"href":"https:\/\/indtesa-electronica.com\/en\/wp-json\/wp\/v2\/product_cat?post=9310"},{"taxonomy":"product_tag","embeddable":true,"href":"https:\/\/indtesa-electronica.com\/en\/wp-json\/wp\/v2\/product_tag?post=9310"}],"curies":[{"name":"wp","href":"https:\/\/api.w.org\/{rel}","templated":true}]}}