{"id":9314,"date":"2023-12-07T17:11:01","date_gmt":"2023-12-07T17:11:01","guid":{"rendered":"https:\/\/indtesa-electronica.com\/?post_type=product&#038;p=9314"},"modified":"2025-02-26T00:36:57","modified_gmt":"2025-02-26T00:36:57","slug":"enchufe-inteligente-wi-fi-con-control-de-voz","status":"publish","type":"product","link":"https:\/\/indtesa-electronica.com\/en\/tienda-en-linea\/iot\/domotica\/enchufe-inteligente-wi-fi-con-control-de-voz\/","title":{"rendered":"Enchufe Inteligente Wi-fi con Control de Voz"},"content":{"rendered":"<p>Nuevo modelo m\u00e1s peque\u00f1o que antes<\/p>\n<p>1. Puede establecer horarios para encender o apagar autom\u00e1ticamente la electr\u00f3nica y los electrodom\u00e9sticos de su hogar en cualquier momento<\/p>\n<p>2. Puede limitar el tiempo de computadora de sus hijos con la funci\u00f3n de temporizador<\/p>\n<p>3. Controle con su tel\u00e9fono inteligente<\/p>\n<p>4. Puede controlar a distancia la electr\u00f3nica de su hogar a trav\u00e9s de Internet en cualquier momento y en cualquier lugar, ya no tendr\u00e1 que preocuparse por olvidar apagar algo antes de salir de casa, ya que siempre puede apagarlo despu\u00e9s de salir de casa.<\/p>\n<p>5. F\u00e1cil instalaci\u00f3n, f\u00e1cil manejo y se puede activar inmediatamente y de forma estable.<\/p>\n<p>6. Tel\u00e9fono inteligente compatible incluyendo Android e ISO compatible con Alexa para control de voz<\/p>\n<p>7. Funcionamiento sencillo con enchufe inteligente para Wi-Fi. \u00a1Comienza tu vida inteligente!.<\/p>\n<p>Tama\u00f1o: 50*50*52MM<\/p>","protected":false},"excerpt":{"rendered":"<p>Nuevo modelo m\u00e1s peque\u00f1o que antes 1. Puede establecer horarios para encender o apagar autom\u00e1ticamente la electr\u00f3nica y los electrodom\u00e9sticos de su hogar en cualquier momento 2. Puede limitar el tiempo de computadora de sus hijos con la funci\u00f3n de temporizador 3. Controle con su tel\u00e9fono inteligente 4. Puede controlar a distancia la electr\u00f3nica de [&hellip;]<\/p>\n","protected":false},"featured_media":9315,"template":"","meta":{"_gspb_post_css":""},"product_brand":[],"product_cat":[111],"product_tag":[],"class_list":{"0":"post-9314","1":"product","2":"type-product","3":"status-publish","4":"has-post-thumbnail","6":"product_cat-domotica","8":"first","9":"instock","10":"taxable","11":"shipping-taxable","12":"purchasable","13":"product-type-simple"},"ct_brands":[],"yoast_head":"<!-- This site is optimized with the Yoast SEO plugin v27.1.1 - https:\/\/yoast.com\/product\/yoast-seo-wordpress\/ -->\n<title>Enchufe Inteligente Wi-fi con Control de Voz | IndTESA<\/title>\n<meta name=\"robots\" content=\"index, follow, max-snippet:-1, max-image-preview:large, max-video-preview:-1\" \/>\n<link rel=\"canonical\" href=\"https:\/\/indtesa-electronica.com\/en\/tienda-en-linea\/iot\/domotica\/enchufe-inteligente-wi-fi-con-control-de-voz\/\" \/>\n<meta property=\"og:locale\" content=\"en_US\" \/>\n<meta property=\"og:type\" content=\"article\" \/>\n<meta property=\"og:title\" content=\"Enchufe Inteligente Wi-fi con Control de Voz | IndTESA\" \/>\n<meta property=\"og:description\" content=\"Nuevo modelo m\u00e1s peque\u00f1o que antes 1. Puede establecer horarios para encender o apagar autom\u00e1ticamente la electr\u00f3nica y los electrodom\u00e9sticos de su hogar en cualquier momento 2. Puede limitar el tiempo de computadora de sus hijos con la funci\u00f3n de temporizador 3. Controle con su tel\u00e9fono inteligente 4. Puede controlar a distancia la electr\u00f3nica de [&hellip;]\" \/>\n<meta property=\"og:url\" content=\"https:\/\/indtesa-electronica.com\/en\/tienda-en-linea\/iot\/domotica\/enchufe-inteligente-wi-fi-con-control-de-voz\/\" \/>\n<meta property=\"og:site_name\" content=\"IndTESA\" \/>\n<meta property=\"article:modified_time\" content=\"2025-02-26T00:36:57+00:00\" \/>\n<meta property=\"og:image\" content=\"https:\/\/indtesa-electronica.com\/wp-content\/uploads\/2023\/12\/Enchufe-Inteligente-Wi-fi-con-Control-de-Voz.png\" \/>\n\t<meta property=\"og:image:width\" content=\"400\" \/>\n\t<meta property=\"og:image:height\" content=\"400\" \/>\n\t<meta property=\"og:image:type\" content=\"image\/png\" \/>\n<meta name=\"twitter:card\" content=\"summary_large_image\" \/>\n<meta name=\"twitter:label1\" content=\"Est. reading time\" \/>\n\t<meta name=\"twitter:data1\" content=\"1 minute\" \/>\n<script type=\"application\/ld+json\" class=\"yoast-schema-graph\">{\"@context\":\"https:\/\/schema.org\",\"@graph\":[{\"@type\":\"WebPage\",\"@id\":\"https:\/\/indtesa-electronica.com\/tienda-en-linea\/iot\/domotica\/enchufe-inteligente-wi-fi-con-control-de-voz\/\",\"url\":\"https:\/\/indtesa-electronica.com\/tienda-en-linea\/iot\/domotica\/enchufe-inteligente-wi-fi-con-control-de-voz\/\",\"name\":\"Enchufe Inteligente Wi-fi con Control de Voz | IndTESA\",\"isPartOf\":{\"@id\":\"https:\/\/indtesa-electronica.com\/#website\"},\"primaryImageOfPage\":{\"@id\":\"https:\/\/indtesa-electronica.com\/tienda-en-linea\/iot\/domotica\/enchufe-inteligente-wi-fi-con-control-de-voz\/#primaryimage\"},\"image\":{\"@id\":\"https:\/\/indtesa-electronica.com\/tienda-en-linea\/iot\/domotica\/enchufe-inteligente-wi-fi-con-control-de-voz\/#primaryimage\"},\"thumbnailUrl\":\"https:\/\/indtesa-electronica.com\/wp-content\/uploads\/2023\/12\/Enchufe-Inteligente-Wi-fi-con-Control-de-Voz.png\",\"datePublished\":\"2023-12-07T17:11:01+00:00\",\"dateModified\":\"2025-02-26T00:36:57+00:00\",\"breadcrumb\":{\"@id\":\"https:\/\/indtesa-electronica.com\/tienda-en-linea\/iot\/domotica\/enchufe-inteligente-wi-fi-con-control-de-voz\/#breadcrumb\"},\"inLanguage\":\"en-US\",\"potentialAction\":[{\"@type\":\"ReadAction\",\"target\":[\"https:\/\/indtesa-electronica.com\/tienda-en-linea\/iot\/domotica\/enchufe-inteligente-wi-fi-con-control-de-voz\/\"]}]},{\"@type\":\"ImageObject\",\"inLanguage\":\"en-US\",\"@id\":\"https:\/\/indtesa-electronica.com\/tienda-en-linea\/iot\/domotica\/enchufe-inteligente-wi-fi-con-control-de-voz\/#primaryimage\",\"url\":\"https:\/\/indtesa-electronica.com\/wp-content\/uploads\/2023\/12\/Enchufe-Inteligente-Wi-fi-con-Control-de-Voz.png\",\"contentUrl\":\"https:\/\/indtesa-electronica.com\/wp-content\/uploads\/2023\/12\/Enchufe-Inteligente-Wi-fi-con-Control-de-Voz.png\",\"width\":400,\"height\":400},{\"@type\":\"BreadcrumbList\",\"@id\":\"https:\/\/indtesa-electronica.com\/tienda-en-linea\/iot\/domotica\/enchufe-inteligente-wi-fi-con-control-de-voz\/#breadcrumb\",\"itemListElement\":[{\"@type\":\"ListItem\",\"position\":1,\"name\":\"Inicio\",\"item\":\"https:\/\/indtesa-electronica.com\/\"},{\"@type\":\"ListItem\",\"position\":2,\"name\":\"Tienda en linea\",\"item\":\"https:\/\/indtesa-electronica.com\/tienda-en-linea\/\"},{\"@type\":\"ListItem\",\"position\":3,\"name\":\"Enchufe Inteligente Wi-fi con Control de Voz\"}]},{\"@type\":\"WebSite\",\"@id\":\"https:\/\/indtesa-electronica.com\/#website\",\"url\":\"https:\/\/indtesa-electronica.com\/\",\"name\":\"Electronica - IndTESA\",\"description\":\"\",\"publisher\":{\"@id\":\"https:\/\/indtesa-electronica.com\/#organization\"},\"potentialAction\":[{\"@type\":\"SearchAction\",\"target\":{\"@type\":\"EntryPoint\",\"urlTemplate\":\"https:\/\/indtesa-electronica.com\/?s={search_term_string}\"},\"query-input\":{\"@type\":\"PropertyValueSpecification\",\"valueRequired\":true,\"valueName\":\"search_term_string\"}}],\"inLanguage\":\"en-US\"},{\"@type\":\"Organization\",\"@id\":\"https:\/\/indtesa-electronica.com\/#organization\",\"name\":\"Industrial TESA S.A.S. de C.V.\",\"url\":\"https:\/\/indtesa-electronica.com\/\",\"logo\":{\"@type\":\"ImageObject\",\"inLanguage\":\"en-US\",\"@id\":\"https:\/\/indtesa-electronica.com\/#\/schema\/logo\/image\/\",\"url\":\"\",\"contentUrl\":\"\",\"caption\":\"Industrial TESA S.A.S. de C.V.\"},\"image\":{\"@id\":\"https:\/\/indtesa-electronica.com\/#\/schema\/logo\/image\/\"}}]}<\/script>\n<!-- \/ Yoast SEO plugin. -->","yoast_head_json":{"title":"Enchufe Inteligente Wi-fi con Control de Voz | IndTESA","robots":{"index":"index","follow":"follow","max-snippet":"max-snippet:-1","max-image-preview":"max-image-preview:large","max-video-preview":"max-video-preview:-1"},"canonical":"https:\/\/indtesa-electronica.com\/en\/tienda-en-linea\/iot\/domotica\/enchufe-inteligente-wi-fi-con-control-de-voz\/","og_locale":"en_US","og_type":"article","og_title":"Enchufe Inteligente Wi-fi con Control de Voz | IndTESA","og_description":"Nuevo modelo m\u00e1s peque\u00f1o que antes 1. Puede establecer horarios para encender o apagar autom\u00e1ticamente la electr\u00f3nica y los electrodom\u00e9sticos de su hogar en cualquier momento 2. Puede limitar el tiempo de computadora de sus hijos con la funci\u00f3n de temporizador 3. Controle con su tel\u00e9fono inteligente 4. Puede controlar a distancia la electr\u00f3nica de [&hellip;]","og_url":"https:\/\/indtesa-electronica.com\/en\/tienda-en-linea\/iot\/domotica\/enchufe-inteligente-wi-fi-con-control-de-voz\/","og_site_name":"IndTESA","article_modified_time":"2025-02-26T00:36:57+00:00","og_image":[{"width":400,"height":400,"url":"https:\/\/indtesa-electronica.com\/wp-content\/uploads\/2023\/12\/Enchufe-Inteligente-Wi-fi-con-Control-de-Voz.png","type":"image\/png"}],"twitter_card":"summary_large_image","twitter_misc":{"Est. reading time":"1 minute"},"schema":{"@context":"https:\/\/schema.org","@graph":[{"@type":"WebPage","@id":"https:\/\/indtesa-electronica.com\/tienda-en-linea\/iot\/domotica\/enchufe-inteligente-wi-fi-con-control-de-voz\/","url":"https:\/\/indtesa-electronica.com\/tienda-en-linea\/iot\/domotica\/enchufe-inteligente-wi-fi-con-control-de-voz\/","name":"Enchufe Inteligente Wi-fi con Control de Voz | IndTESA","isPartOf":{"@id":"https:\/\/indtesa-electronica.com\/#website"},"primaryImageOfPage":{"@id":"https:\/\/indtesa-electronica.com\/tienda-en-linea\/iot\/domotica\/enchufe-inteligente-wi-fi-con-control-de-voz\/#primaryimage"},"image":{"@id":"https:\/\/indtesa-electronica.com\/tienda-en-linea\/iot\/domotica\/enchufe-inteligente-wi-fi-con-control-de-voz\/#primaryimage"},"thumbnailUrl":"https:\/\/indtesa-electronica.com\/wp-content\/uploads\/2023\/12\/Enchufe-Inteligente-Wi-fi-con-Control-de-Voz.png","datePublished":"2023-12-07T17:11:01+00:00","dateModified":"2025-02-26T00:36:57+00:00","breadcrumb":{"@id":"https:\/\/indtesa-electronica.com\/tienda-en-linea\/iot\/domotica\/enchufe-inteligente-wi-fi-con-control-de-voz\/#breadcrumb"},"inLanguage":"en-US","potentialAction":[{"@type":"ReadAction","target":["https:\/\/indtesa-electronica.com\/tienda-en-linea\/iot\/domotica\/enchufe-inteligente-wi-fi-con-control-de-voz\/"]}]},{"@type":"ImageObject","inLanguage":"en-US","@id":"https:\/\/indtesa-electronica.com\/tienda-en-linea\/iot\/domotica\/enchufe-inteligente-wi-fi-con-control-de-voz\/#primaryimage","url":"https:\/\/indtesa-electronica.com\/wp-content\/uploads\/2023\/12\/Enchufe-Inteligente-Wi-fi-con-Control-de-Voz.png","contentUrl":"https:\/\/indtesa-electronica.com\/wp-content\/uploads\/2023\/12\/Enchufe-Inteligente-Wi-fi-con-Control-de-Voz.png","width":400,"height":400},{"@type":"BreadcrumbList","@id":"https:\/\/indtesa-electronica.com\/tienda-en-linea\/iot\/domotica\/enchufe-inteligente-wi-fi-con-control-de-voz\/#breadcrumb","itemListElement":[{"@type":"ListItem","position":1,"name":"Inicio","item":"https:\/\/indtesa-electronica.com\/"},{"@type":"ListItem","position":2,"name":"Tienda en linea","item":"https:\/\/indtesa-electronica.com\/tienda-en-linea\/"},{"@type":"ListItem","position":3,"name":"Enchufe Inteligente Wi-fi con Control de Voz"}]},{"@type":"WebSite","@id":"https:\/\/indtesa-electronica.com\/#website","url":"https:\/\/indtesa-electronica.com\/","name":"Electronica - IndTESA","description":"","publisher":{"@id":"https:\/\/indtesa-electronica.com\/#organization"},"potentialAction":[{"@type":"SearchAction","target":{"@type":"EntryPoint","urlTemplate":"https:\/\/indtesa-electronica.com\/?s={search_term_string}"},"query-input":{"@type":"PropertyValueSpecification","valueRequired":true,"valueName":"search_term_string"}}],"inLanguage":"en-US"},{"@type":"Organization","@id":"https:\/\/indtesa-electronica.com\/#organization","name":"Industrial TESA S.A.S. de C.V.","url":"https:\/\/indtesa-electronica.com\/","logo":{"@type":"ImageObject","inLanguage":"en-US","@id":"https:\/\/indtesa-electronica.com\/#\/schema\/logo\/image\/","url":"","contentUrl":"","caption":"Industrial TESA S.A.S. de C.V."},"image":{"@id":"https:\/\/indtesa-electronica.com\/#\/schema\/logo\/image\/"}}]}},"jetpack_sharing_enabled":true,"tiered_pricing_type":"fixed","tiered_pricing_fixed_rules":[],"tiered_pricing_product_settings":{"layout":"default","base_unit_name":{"singular":null,"plural":null},"default_variation":null},"tiered_pricing_minimum_quantity":null,"tiered_pricing_roles_data":[],"tiered_pricing_percentage_rules":[],"_links":{"self":[{"href":"https:\/\/indtesa-electronica.com\/en\/wp-json\/wp\/v2\/product\/9314","targetHints":{"allow":["GET"]}}],"collection":[{"href":"https:\/\/indtesa-electronica.com\/en\/wp-json\/wp\/v2\/product"}],"about":[{"href":"https:\/\/indtesa-electronica.com\/en\/wp-json\/wp\/v2\/types\/product"}],"wp:featuredmedia":[{"embeddable":true,"href":"https:\/\/indtesa-electronica.com\/en\/wp-json\/wp\/v2\/media\/9315"}],"wp:attachment":[{"href":"https:\/\/indtesa-electronica.com\/en\/wp-json\/wp\/v2\/media?parent=9314"}],"wp:term":[{"taxonomy":"product_brand","embeddable":true,"href":"https:\/\/indtesa-electronica.com\/en\/wp-json\/wp\/v2\/product_brand?post=9314"},{"taxonomy":"product_cat","embeddable":true,"href":"https:\/\/indtesa-electronica.com\/en\/wp-json\/wp\/v2\/product_cat?post=9314"},{"taxonomy":"product_tag","embeddable":true,"href":"https:\/\/indtesa-electronica.com\/en\/wp-json\/wp\/v2\/product_tag?post=9314"}],"curies":[{"name":"wp","href":"https:\/\/api.w.org\/{rel}","templated":true}]}}