{"id":9321,"date":"2023-12-07T17:34:25","date_gmt":"2023-12-07T17:34:25","guid":{"rendered":"https:\/\/indtesa-electronica.com\/?post_type=product&#038;p=9321"},"modified":"2025-03-08T00:35:26","modified_gmt":"2025-03-08T00:35:26","slug":"arduino-mega-2560-con-base-para-montaje-en-rieles-din-de-35-32-15mm","status":"publish","type":"product","link":"https:\/\/indtesa-electronica.com\/en\/tienda-en-linea\/proyectos-de-electronica\/placas-de-desarrollo\/arduino-mega-2560-con-base-para-montaje-en-rieles-din-de-35-32-15mm\/","title":{"rendered":"Arduino MEGA 2560 con Base para Montaje en Rieles DIN de 35\/32\/15mm"},"content":{"rendered":"<p>M\u00f3dulo adaptador de bloque de terminales de tornillo de montaje en riel DIN, para Arduino R3.<\/p>\n<p>Con el m\u00f3dulo adaptador, puede extender f\u00e1cilmente los proyectos Arduino a aplicaciones de control industrial.<\/p>\n<p>Paso 3,81mm\/0,15 &#8220;bloque de terminales de tornillo.<\/p>\n<p>Bloque de terminales: Rango de cable 26-16AWG, longitud de la tira 5mm, tornillo ranurado m\u00e9trico M2.<\/p>\n<p>PCB de fibra de vidrio con dos capas de cobre.<\/p>\n<p>Dimensiones de PCB: 150mm x 72,5mm (Ancho x Largo).<\/p>\n<p>Dimensiones del m\u00f3dulo: 153mm x 87mm x 45mm (Ancho x Largo x Alto).<\/p>\n<p>Soporte de montaje en riel DIN de material de nailon ign\u00edfugo, puede soportar riel ancho de 35mm \/ 32mm \/ 15mm, y el soporte se puede desmontar para el uso de montaje en panel.<\/p>","protected":false},"excerpt":{"rendered":"<p>M\u00f3dulo adaptador de bloque de terminales de tornillo de montaje en riel DIN, para Arduino R3. Con el m\u00f3dulo adaptador, puede extender f\u00e1cilmente los proyectos Arduino a aplicaciones de control industrial. Paso 3,81mm\/0,15 &#8220;bloque de terminales de tornillo. Bloque de terminales: Rango de cable 26-16AWG, longitud de la tira 5mm, tornillo ranurado m\u00e9trico M2. PCB [&hellip;]<\/p>\n","protected":false},"featured_media":9322,"template":"","meta":{"_gspb_post_css":""},"product_brand":[315],"product_cat":[128],"product_tag":[],"class_list":{"0":"post-9321","1":"product","2":"type-product","3":"status-publish","4":"has-post-thumbnail","6":"product_brand-arduino","7":"product_cat-placas-de-desarrollo","8":"product_shipping_class-envio-gratis","10":"first","11":"instock","12":"taxable","13":"shipping-taxable","14":"purchasable","15":"product-type-simple"},"ct_brands":[{"id":315,"name":"Arduino","slug":"arduino"}],"yoast_head":"<!-- This site is optimized with the Yoast SEO plugin v27.1.1 - https:\/\/yoast.com\/product\/yoast-seo-wordpress\/ -->\n<title>Arduino MEGA 2560 con Base para Montaje en Rieles DIN de 35\/32\/15mm | IndTESA<\/title>\n<meta name=\"robots\" content=\"index, follow, max-snippet:-1, max-image-preview:large, max-video-preview:-1\" \/>\n<link rel=\"canonical\" href=\"https:\/\/indtesa-electronica.com\/en\/tienda-en-linea\/proyectos-de-electronica\/placas-de-desarrollo\/arduino-mega-2560-con-base-para-montaje-en-rieles-din-de-35-32-15mm\/\" \/>\n<meta property=\"og:locale\" content=\"en_US\" \/>\n<meta property=\"og:type\" content=\"article\" \/>\n<meta property=\"og:title\" content=\"Arduino MEGA 2560 con Base para Montaje en Rieles DIN de 35\/32\/15mm | IndTESA\" \/>\n<meta property=\"og:description\" content=\"M\u00f3dulo adaptador de bloque de terminales de tornillo de montaje en riel DIN, para Arduino R3. Con el m\u00f3dulo adaptador, puede extender f\u00e1cilmente los proyectos Arduino a aplicaciones de control industrial. Paso 3,81mm\/0,15 &#8220;bloque de terminales de tornillo. Bloque de terminales: Rango de cable 26-16AWG, longitud de la tira 5mm, tornillo ranurado m\u00e9trico M2. PCB [&hellip;]\" \/>\n<meta property=\"og:url\" content=\"https:\/\/indtesa-electronica.com\/en\/tienda-en-linea\/proyectos-de-electronica\/placas-de-desarrollo\/arduino-mega-2560-con-base-para-montaje-en-rieles-din-de-35-32-15mm\/\" \/>\n<meta property=\"og:site_name\" content=\"IndTESA\" \/>\n<meta property=\"article:modified_time\" content=\"2025-03-08T00:35:26+00:00\" \/>\n<meta property=\"og:image\" content=\"https:\/\/indtesa-electronica.com\/wp-content\/uploads\/2023\/12\/Arduino-MEGA-2560-con-Base-para-Montaje-en-Rieles-DIN-de-35-32-15mm.png\" \/>\n\t<meta property=\"og:image:width\" content=\"550\" \/>\n\t<meta property=\"og:image:height\" content=\"550\" \/>\n\t<meta property=\"og:image:type\" content=\"image\/png\" \/>\n<meta name=\"twitter:card\" content=\"summary_large_image\" \/>\n<meta name=\"twitter:label1\" content=\"Est. reading time\" \/>\n\t<meta name=\"twitter:data1\" content=\"1 minute\" \/>\n<script type=\"application\/ld+json\" class=\"yoast-schema-graph\">{\"@context\":\"https:\/\/schema.org\",\"@graph\":[{\"@type\":\"WebPage\",\"@id\":\"https:\/\/indtesa-electronica.com\/tienda-en-linea\/proyectos-de-electronica\/placas-de-desarrollo\/arduino-mega-2560-con-base-para-montaje-en-rieles-din-de-35-32-15mm\/\",\"url\":\"https:\/\/indtesa-electronica.com\/tienda-en-linea\/proyectos-de-electronica\/placas-de-desarrollo\/arduino-mega-2560-con-base-para-montaje-en-rieles-din-de-35-32-15mm\/\",\"name\":\"Arduino MEGA 2560 con Base para Montaje en Rieles DIN de 35\/32\/15mm | IndTESA\",\"isPartOf\":{\"@id\":\"https:\/\/indtesa-electronica.com\/#website\"},\"primaryImageOfPage\":{\"@id\":\"https:\/\/indtesa-electronica.com\/tienda-en-linea\/proyectos-de-electronica\/placas-de-desarrollo\/arduino-mega-2560-con-base-para-montaje-en-rieles-din-de-35-32-15mm\/#primaryimage\"},\"image\":{\"@id\":\"https:\/\/indtesa-electronica.com\/tienda-en-linea\/proyectos-de-electronica\/placas-de-desarrollo\/arduino-mega-2560-con-base-para-montaje-en-rieles-din-de-35-32-15mm\/#primaryimage\"},\"thumbnailUrl\":\"https:\/\/indtesa-electronica.com\/wp-content\/uploads\/2023\/12\/Arduino-MEGA-2560-con-Base-para-Montaje-en-Rieles-DIN-de-35-32-15mm.png\",\"datePublished\":\"2023-12-07T17:34:25+00:00\",\"dateModified\":\"2025-03-08T00:35:26+00:00\",\"breadcrumb\":{\"@id\":\"https:\/\/indtesa-electronica.com\/tienda-en-linea\/proyectos-de-electronica\/placas-de-desarrollo\/arduino-mega-2560-con-base-para-montaje-en-rieles-din-de-35-32-15mm\/#breadcrumb\"},\"inLanguage\":\"en-US\",\"potentialAction\":[{\"@type\":\"ReadAction\",\"target\":[\"https:\/\/indtesa-electronica.com\/tienda-en-linea\/proyectos-de-electronica\/placas-de-desarrollo\/arduino-mega-2560-con-base-para-montaje-en-rieles-din-de-35-32-15mm\/\"]}]},{\"@type\":\"ImageObject\",\"inLanguage\":\"en-US\",\"@id\":\"https:\/\/indtesa-electronica.com\/tienda-en-linea\/proyectos-de-electronica\/placas-de-desarrollo\/arduino-mega-2560-con-base-para-montaje-en-rieles-din-de-35-32-15mm\/#primaryimage\",\"url\":\"https:\/\/indtesa-electronica.com\/wp-content\/uploads\/2023\/12\/Arduino-MEGA-2560-con-Base-para-Montaje-en-Rieles-DIN-de-35-32-15mm.png\",\"contentUrl\":\"https:\/\/indtesa-electronica.com\/wp-content\/uploads\/2023\/12\/Arduino-MEGA-2560-con-Base-para-Montaje-en-Rieles-DIN-de-35-32-15mm.png\",\"width\":550,\"height\":550},{\"@type\":\"BreadcrumbList\",\"@id\":\"https:\/\/indtesa-electronica.com\/tienda-en-linea\/proyectos-de-electronica\/placas-de-desarrollo\/arduino-mega-2560-con-base-para-montaje-en-rieles-din-de-35-32-15mm\/#breadcrumb\",\"itemListElement\":[{\"@type\":\"ListItem\",\"position\":1,\"name\":\"Inicio\",\"item\":\"https:\/\/indtesa-electronica.com\/\"},{\"@type\":\"ListItem\",\"position\":2,\"name\":\"Tienda en linea\",\"item\":\"https:\/\/indtesa-electronica.com\/tienda-en-linea\/\"},{\"@type\":\"ListItem\",\"position\":3,\"name\":\"Arduino MEGA 2560 con Base para Montaje en Rieles DIN de 35\/32\/15mm\"}]},{\"@type\":\"WebSite\",\"@id\":\"https:\/\/indtesa-electronica.com\/#website\",\"url\":\"https:\/\/indtesa-electronica.com\/\",\"name\":\"Electronica - IndTESA\",\"description\":\"\",\"publisher\":{\"@id\":\"https:\/\/indtesa-electronica.com\/#organization\"},\"potentialAction\":[{\"@type\":\"SearchAction\",\"target\":{\"@type\":\"EntryPoint\",\"urlTemplate\":\"https:\/\/indtesa-electronica.com\/?s={search_term_string}\"},\"query-input\":{\"@type\":\"PropertyValueSpecification\",\"valueRequired\":true,\"valueName\":\"search_term_string\"}}],\"inLanguage\":\"en-US\"},{\"@type\":\"Organization\",\"@id\":\"https:\/\/indtesa-electronica.com\/#organization\",\"name\":\"Industrial TESA S.A.S. de C.V.\",\"url\":\"https:\/\/indtesa-electronica.com\/\",\"logo\":{\"@type\":\"ImageObject\",\"inLanguage\":\"en-US\",\"@id\":\"https:\/\/indtesa-electronica.com\/#\/schema\/logo\/image\/\",\"url\":\"\",\"contentUrl\":\"\",\"caption\":\"Industrial TESA S.A.S. de C.V.\"},\"image\":{\"@id\":\"https:\/\/indtesa-electronica.com\/#\/schema\/logo\/image\/\"}}]}<\/script>\n<!-- \/ Yoast SEO plugin. -->","yoast_head_json":{"title":"Arduino MEGA 2560 con Base para Montaje en Rieles DIN de 35\/32\/15mm | IndTESA","robots":{"index":"index","follow":"follow","max-snippet":"max-snippet:-1","max-image-preview":"max-image-preview:large","max-video-preview":"max-video-preview:-1"},"canonical":"https:\/\/indtesa-electronica.com\/en\/tienda-en-linea\/proyectos-de-electronica\/placas-de-desarrollo\/arduino-mega-2560-con-base-para-montaje-en-rieles-din-de-35-32-15mm\/","og_locale":"en_US","og_type":"article","og_title":"Arduino MEGA 2560 con Base para Montaje en Rieles DIN de 35\/32\/15mm | IndTESA","og_description":"M\u00f3dulo adaptador de bloque de terminales de tornillo de montaje en riel DIN, para Arduino R3. Con el m\u00f3dulo adaptador, puede extender f\u00e1cilmente los proyectos Arduino a aplicaciones de control industrial. Paso 3,81mm\/0,15 &#8220;bloque de terminales de tornillo. Bloque de terminales: Rango de cable 26-16AWG, longitud de la tira 5mm, tornillo ranurado m\u00e9trico M2. PCB [&hellip;]","og_url":"https:\/\/indtesa-electronica.com\/en\/tienda-en-linea\/proyectos-de-electronica\/placas-de-desarrollo\/arduino-mega-2560-con-base-para-montaje-en-rieles-din-de-35-32-15mm\/","og_site_name":"IndTESA","article_modified_time":"2025-03-08T00:35:26+00:00","og_image":[{"width":550,"height":550,"url":"https:\/\/indtesa-electronica.com\/wp-content\/uploads\/2023\/12\/Arduino-MEGA-2560-con-Base-para-Montaje-en-Rieles-DIN-de-35-32-15mm.png","type":"image\/png"}],"twitter_card":"summary_large_image","twitter_misc":{"Est. reading time":"1 minute"},"schema":{"@context":"https:\/\/schema.org","@graph":[{"@type":"WebPage","@id":"https:\/\/indtesa-electronica.com\/tienda-en-linea\/proyectos-de-electronica\/placas-de-desarrollo\/arduino-mega-2560-con-base-para-montaje-en-rieles-din-de-35-32-15mm\/","url":"https:\/\/indtesa-electronica.com\/tienda-en-linea\/proyectos-de-electronica\/placas-de-desarrollo\/arduino-mega-2560-con-base-para-montaje-en-rieles-din-de-35-32-15mm\/","name":"Arduino MEGA 2560 con Base para Montaje en Rieles DIN de 35\/32\/15mm | IndTESA","isPartOf":{"@id":"https:\/\/indtesa-electronica.com\/#website"},"primaryImageOfPage":{"@id":"https:\/\/indtesa-electronica.com\/tienda-en-linea\/proyectos-de-electronica\/placas-de-desarrollo\/arduino-mega-2560-con-base-para-montaje-en-rieles-din-de-35-32-15mm\/#primaryimage"},"image":{"@id":"https:\/\/indtesa-electronica.com\/tienda-en-linea\/proyectos-de-electronica\/placas-de-desarrollo\/arduino-mega-2560-con-base-para-montaje-en-rieles-din-de-35-32-15mm\/#primaryimage"},"thumbnailUrl":"https:\/\/indtesa-electronica.com\/wp-content\/uploads\/2023\/12\/Arduino-MEGA-2560-con-Base-para-Montaje-en-Rieles-DIN-de-35-32-15mm.png","datePublished":"2023-12-07T17:34:25+00:00","dateModified":"2025-03-08T00:35:26+00:00","breadcrumb":{"@id":"https:\/\/indtesa-electronica.com\/tienda-en-linea\/proyectos-de-electronica\/placas-de-desarrollo\/arduino-mega-2560-con-base-para-montaje-en-rieles-din-de-35-32-15mm\/#breadcrumb"},"inLanguage":"en-US","potentialAction":[{"@type":"ReadAction","target":["https:\/\/indtesa-electronica.com\/tienda-en-linea\/proyectos-de-electronica\/placas-de-desarrollo\/arduino-mega-2560-con-base-para-montaje-en-rieles-din-de-35-32-15mm\/"]}]},{"@type":"ImageObject","inLanguage":"en-US","@id":"https:\/\/indtesa-electronica.com\/tienda-en-linea\/proyectos-de-electronica\/placas-de-desarrollo\/arduino-mega-2560-con-base-para-montaje-en-rieles-din-de-35-32-15mm\/#primaryimage","url":"https:\/\/indtesa-electronica.com\/wp-content\/uploads\/2023\/12\/Arduino-MEGA-2560-con-Base-para-Montaje-en-Rieles-DIN-de-35-32-15mm.png","contentUrl":"https:\/\/indtesa-electronica.com\/wp-content\/uploads\/2023\/12\/Arduino-MEGA-2560-con-Base-para-Montaje-en-Rieles-DIN-de-35-32-15mm.png","width":550,"height":550},{"@type":"BreadcrumbList","@id":"https:\/\/indtesa-electronica.com\/tienda-en-linea\/proyectos-de-electronica\/placas-de-desarrollo\/arduino-mega-2560-con-base-para-montaje-en-rieles-din-de-35-32-15mm\/#breadcrumb","itemListElement":[{"@type":"ListItem","position":1,"name":"Inicio","item":"https:\/\/indtesa-electronica.com\/"},{"@type":"ListItem","position":2,"name":"Tienda en linea","item":"https:\/\/indtesa-electronica.com\/tienda-en-linea\/"},{"@type":"ListItem","position":3,"name":"Arduino MEGA 2560 con Base para Montaje en Rieles DIN de 35\/32\/15mm"}]},{"@type":"WebSite","@id":"https:\/\/indtesa-electronica.com\/#website","url":"https:\/\/indtesa-electronica.com\/","name":"Electronica - IndTESA","description":"","publisher":{"@id":"https:\/\/indtesa-electronica.com\/#organization"},"potentialAction":[{"@type":"SearchAction","target":{"@type":"EntryPoint","urlTemplate":"https:\/\/indtesa-electronica.com\/?s={search_term_string}"},"query-input":{"@type":"PropertyValueSpecification","valueRequired":true,"valueName":"search_term_string"}}],"inLanguage":"en-US"},{"@type":"Organization","@id":"https:\/\/indtesa-electronica.com\/#organization","name":"Industrial TESA S.A.S. de C.V.","url":"https:\/\/indtesa-electronica.com\/","logo":{"@type":"ImageObject","inLanguage":"en-US","@id":"https:\/\/indtesa-electronica.com\/#\/schema\/logo\/image\/","url":"","contentUrl":"","caption":"Industrial TESA S.A.S. de C.V."},"image":{"@id":"https:\/\/indtesa-electronica.com\/#\/schema\/logo\/image\/"}}]}},"jetpack_sharing_enabled":true,"tiered_pricing_type":"fixed","tiered_pricing_fixed_rules":[],"tiered_pricing_product_settings":{"layout":"default","base_unit_name":{"singular":null,"plural":null},"default_variation":null},"tiered_pricing_minimum_quantity":null,"tiered_pricing_roles_data":[],"tiered_pricing_percentage_rules":[],"_links":{"self":[{"href":"https:\/\/indtesa-electronica.com\/en\/wp-json\/wp\/v2\/product\/9321","targetHints":{"allow":["GET"]}}],"collection":[{"href":"https:\/\/indtesa-electronica.com\/en\/wp-json\/wp\/v2\/product"}],"about":[{"href":"https:\/\/indtesa-electronica.com\/en\/wp-json\/wp\/v2\/types\/product"}],"wp:featuredmedia":[{"embeddable":true,"href":"https:\/\/indtesa-electronica.com\/en\/wp-json\/wp\/v2\/media\/9322"}],"wp:attachment":[{"href":"https:\/\/indtesa-electronica.com\/en\/wp-json\/wp\/v2\/media?parent=9321"}],"wp:term":[{"taxonomy":"product_brand","embeddable":true,"href":"https:\/\/indtesa-electronica.com\/en\/wp-json\/wp\/v2\/product_brand?post=9321"},{"taxonomy":"product_cat","embeddable":true,"href":"https:\/\/indtesa-electronica.com\/en\/wp-json\/wp\/v2\/product_cat?post=9321"},{"taxonomy":"product_tag","embeddable":true,"href":"https:\/\/indtesa-electronica.com\/en\/wp-json\/wp\/v2\/product_tag?post=9321"}],"curies":[{"name":"wp","href":"https:\/\/api.w.org\/{rel}","templated":true}]}}