{"id":9327,"date":"2023-12-07T17:54:08","date_gmt":"2023-12-07T17:54:08","guid":{"rendered":"https:\/\/indtesa-electronica.com\/?post_type=product&#038;p=9327"},"modified":"2025-03-01T02:10:29","modified_gmt":"2025-03-01T02:10:29","slug":"manguera-de-aire-neumatica-tubo-transparente-4x2-5mm","status":"publish","type":"product","link":"https:\/\/indtesa-electronica.com\/en\/tienda-en-linea\/neumatico\/componentes-de-flujo\/manguera-de-aire-neumatica-tubo-transparente-4x2-5mm\/","title":{"rendered":"Manguera de Aire Neumatica, Tubo Transparente 4&#215;2.5mm"},"content":{"rendered":"<p><img loading=\"lazy\" decoding=\"async\" class=\"alignnone wp-image-9330\" src=\"https:\/\/indtesa-electronica.com\/wp-content\/uploads\/2023\/12\/Manguera-de-Aire-Neumatica-Tubo-Transparente-4x2.5mm_info-300x189.png\" alt=\"\" width=\"990\" height=\"624\" srcset=\"https:\/\/indtesa-electronica.com\/wp-content\/uploads\/2023\/12\/Manguera-de-Aire-Neumatica-Tubo-Transparente-4x2.5mm_info-300x189.png 300w, https:\/\/indtesa-electronica.com\/wp-content\/uploads\/2023\/12\/Manguera-de-Aire-Neumatica-Tubo-Transparente-4x2.5mm_info-18x12.png 18w, https:\/\/indtesa-electronica.com\/wp-content\/uploads\/2023\/12\/Manguera-de-Aire-Neumatica-Tubo-Transparente-4x2.5mm_info-500x316.png 500w, https:\/\/indtesa-electronica.com\/wp-content\/uploads\/2023\/12\/Manguera-de-Aire-Neumatica-Tubo-Transparente-4x2.5mm_info.png 570w\" sizes=\"auto, (max-width: 990px) 100vw, 990px\" \/><\/p>\n<p>\u3010Tama\u00f1o\u3011 4 x 2,5mm x 1 metro<\/p>\n<p>\u3010Material\u3011Tubo de poliuretano<\/p>\n<p>\u3010Presi\u00f3n M\u00e1xima\u3011 145Psi<\/p>\n<p>\u3010Temperatura de trabajo\u3011-4 \u2109 ~ 176 \u2109<\/p>\n<p>\u3010Caracter\u00edstica del producto\u3011Fuerza de restauraci\u00f3n fuerte de alta flexibilidad, sin deformaci\u00f3n con flexi\u00f3n, resistencia a aceites sin Crrosive<\/p>\n<p>\u3010Resistencia a la compresi\u00f3n (en temperatura habitual) \u3011 0.8mpa(8.5kgf\/cm\u2283 2;).<\/p>\n<p>\u3010Tensi\u00f3n de tracci\u00f3n: 550 kg\/cm \u2283 2; Caracter\u00edstica del producto\u3011 Fuerza de restauraci\u00f3n fuerte de alta flexibilidad, sin deformaci\u00f3n con flexi\u00f3n.<\/p>\n<p>\u3010Rango de uso\u3011Herramientas neum\u00e1ticas; Instrumentos, gasoducto mec\u00e1nico; Equipo de automatizaci\u00f3n de laboratorio; Agua industrial general y jardiner\u00eda.<\/p>","protected":false},"excerpt":{"rendered":"<p>Uso flexible, tiene alta elasticidad para restaurar el efecto de memoria, doblado sin arrugas y la mano se siente de alta dureza. La superficie de la manguera es lisa y plana, el color es brillante.<\/p>\n<p>Caracter\u00edsticas de la manguera de aire Pu: Peso ligero; resistencia a la abrasi\u00f3n y qu\u00edmica; ins\u00edpido; alta resistencia mec\u00e1nica, m\u00ednima p\u00e9rdida de presi\u00f3n; conveniente para Pi<\/p>\n<p>Longitud del tubo: 1 metro<\/p>","protected":false},"featured_media":9328,"template":"","meta":{"_gspb_post_css":""},"product_brand":[],"product_cat":[427],"product_tag":[],"class_list":{"0":"post-9327","1":"product","2":"type-product","3":"status-publish","4":"has-post-thumbnail","6":"product_cat-componentes-de-flujo","8":"first","9":"onbackorder","10":"taxable","11":"shipping-taxable","12":"purchasable","13":"product-type-simple"},"ct_brands":[],"yoast_head":"<!-- This site is optimized with the Yoast SEO plugin v27.1.1 - https:\/\/yoast.com\/product\/yoast-seo-wordpress\/ -->\n<title>Manguera de Aire Neumatica, Tubo Transparente 4x2.5mm | IndTESA<\/title>\n<meta name=\"robots\" content=\"index, follow, max-snippet:-1, max-image-preview:large, max-video-preview:-1\" \/>\n<link rel=\"canonical\" href=\"https:\/\/indtesa-electronica.com\/en\/tienda-en-linea\/neumatico\/componentes-de-flujo\/manguera-de-aire-neumatica-tubo-transparente-4x2-5mm\/\" \/>\n<meta property=\"og:locale\" content=\"en_US\" \/>\n<meta property=\"og:type\" content=\"article\" \/>\n<meta property=\"og:title\" content=\"Manguera de Aire Neumatica, Tubo Transparente 4x2.5mm | IndTESA\" \/>\n<meta property=\"og:description\" content=\"Uso flexible, tiene alta elasticidad para restaurar el efecto de memoria, doblado sin arrugas y la mano se siente de alta dureza. La superficie de la manguera es lisa y plana, el color es brillante.  Caracter\u00edsticas de la manguera de aire Pu: Peso ligero; resistencia a la abrasi\u00f3n y qu\u00edmica; ins\u00edpido; alta resistencia mec\u00e1nica, m\u00ednima p\u00e9rdida de presi\u00f3n; conveniente para Pi  Longitud del tubo: 1 metro\" \/>\n<meta property=\"og:url\" content=\"https:\/\/indtesa-electronica.com\/en\/tienda-en-linea\/neumatico\/componentes-de-flujo\/manguera-de-aire-neumatica-tubo-transparente-4x2-5mm\/\" \/>\n<meta property=\"og:site_name\" content=\"IndTESA\" \/>\n<meta property=\"article:modified_time\" content=\"2025-03-01T02:10:29+00:00\" \/>\n<meta property=\"og:image\" content=\"https:\/\/indtesa-electronica.com\/wp-content\/uploads\/2023\/12\/Manguera-de-Aire-Neumatica-Tubo-Transparente-4x2.5mm.png\" \/>\n\t<meta property=\"og:image:width\" content=\"580\" \/>\n\t<meta property=\"og:image:height\" content=\"580\" \/>\n\t<meta property=\"og:image:type\" content=\"image\/png\" \/>\n<meta name=\"twitter:card\" content=\"summary_large_image\" \/>\n<meta name=\"twitter:label1\" content=\"Est. reading time\" \/>\n\t<meta name=\"twitter:data1\" content=\"1 minute\" \/>\n<script type=\"application\/ld+json\" class=\"yoast-schema-graph\">{\"@context\":\"https:\/\/schema.org\",\"@graph\":[{\"@type\":\"WebPage\",\"@id\":\"https:\/\/indtesa-electronica.com\/tienda-en-linea\/neumatico\/componentes-de-flujo\/manguera-de-aire-neumatica-tubo-transparente-4x2-5mm\/\",\"url\":\"https:\/\/indtesa-electronica.com\/tienda-en-linea\/neumatico\/componentes-de-flujo\/manguera-de-aire-neumatica-tubo-transparente-4x2-5mm\/\",\"name\":\"Manguera de Aire Neumatica, Tubo Transparente 4x2.5mm | IndTESA\",\"isPartOf\":{\"@id\":\"https:\/\/indtesa-electronica.com\/#website\"},\"primaryImageOfPage\":{\"@id\":\"https:\/\/indtesa-electronica.com\/tienda-en-linea\/neumatico\/componentes-de-flujo\/manguera-de-aire-neumatica-tubo-transparente-4x2-5mm\/#primaryimage\"},\"image\":{\"@id\":\"https:\/\/indtesa-electronica.com\/tienda-en-linea\/neumatico\/componentes-de-flujo\/manguera-de-aire-neumatica-tubo-transparente-4x2-5mm\/#primaryimage\"},\"thumbnailUrl\":\"https:\/\/indtesa-electronica.com\/wp-content\/uploads\/2023\/12\/Manguera-de-Aire-Neumatica-Tubo-Transparente-4x2.5mm.png\",\"datePublished\":\"2023-12-07T17:54:08+00:00\",\"dateModified\":\"2025-03-01T02:10:29+00:00\",\"breadcrumb\":{\"@id\":\"https:\/\/indtesa-electronica.com\/tienda-en-linea\/neumatico\/componentes-de-flujo\/manguera-de-aire-neumatica-tubo-transparente-4x2-5mm\/#breadcrumb\"},\"inLanguage\":\"en-US\",\"potentialAction\":[{\"@type\":\"ReadAction\",\"target\":[\"https:\/\/indtesa-electronica.com\/tienda-en-linea\/neumatico\/componentes-de-flujo\/manguera-de-aire-neumatica-tubo-transparente-4x2-5mm\/\"]}]},{\"@type\":\"ImageObject\",\"inLanguage\":\"en-US\",\"@id\":\"https:\/\/indtesa-electronica.com\/tienda-en-linea\/neumatico\/componentes-de-flujo\/manguera-de-aire-neumatica-tubo-transparente-4x2-5mm\/#primaryimage\",\"url\":\"https:\/\/indtesa-electronica.com\/wp-content\/uploads\/2023\/12\/Manguera-de-Aire-Neumatica-Tubo-Transparente-4x2.5mm.png\",\"contentUrl\":\"https:\/\/indtesa-electronica.com\/wp-content\/uploads\/2023\/12\/Manguera-de-Aire-Neumatica-Tubo-Transparente-4x2.5mm.png\",\"width\":580,\"height\":580},{\"@type\":\"BreadcrumbList\",\"@id\":\"https:\/\/indtesa-electronica.com\/tienda-en-linea\/neumatico\/componentes-de-flujo\/manguera-de-aire-neumatica-tubo-transparente-4x2-5mm\/#breadcrumb\",\"itemListElement\":[{\"@type\":\"ListItem\",\"position\":1,\"name\":\"Inicio\",\"item\":\"https:\/\/indtesa-electronica.com\/\"},{\"@type\":\"ListItem\",\"position\":2,\"name\":\"Tienda en linea\",\"item\":\"https:\/\/indtesa-electronica.com\/tienda-en-linea\/\"},{\"@type\":\"ListItem\",\"position\":3,\"name\":\"Manguera de Aire Neumatica, Tubo Transparente 4&#215;2.5mm\"}]},{\"@type\":\"WebSite\",\"@id\":\"https:\/\/indtesa-electronica.com\/#website\",\"url\":\"https:\/\/indtesa-electronica.com\/\",\"name\":\"Electronica - IndTESA\",\"description\":\"\",\"publisher\":{\"@id\":\"https:\/\/indtesa-electronica.com\/#organization\"},\"potentialAction\":[{\"@type\":\"SearchAction\",\"target\":{\"@type\":\"EntryPoint\",\"urlTemplate\":\"https:\/\/indtesa-electronica.com\/?s={search_term_string}\"},\"query-input\":{\"@type\":\"PropertyValueSpecification\",\"valueRequired\":true,\"valueName\":\"search_term_string\"}}],\"inLanguage\":\"en-US\"},{\"@type\":\"Organization\",\"@id\":\"https:\/\/indtesa-electronica.com\/#organization\",\"name\":\"Industrial TESA S.A.S. de C.V.\",\"url\":\"https:\/\/indtesa-electronica.com\/\",\"logo\":{\"@type\":\"ImageObject\",\"inLanguage\":\"en-US\",\"@id\":\"https:\/\/indtesa-electronica.com\/#\/schema\/logo\/image\/\",\"url\":\"\",\"contentUrl\":\"\",\"caption\":\"Industrial TESA S.A.S. de C.V.\"},\"image\":{\"@id\":\"https:\/\/indtesa-electronica.com\/#\/schema\/logo\/image\/\"}}]}<\/script>\n<!-- \/ Yoast SEO plugin. -->","yoast_head_json":{"title":"Manguera de Aire Neumatica, Tubo Transparente 4x2.5mm | IndTESA","robots":{"index":"index","follow":"follow","max-snippet":"max-snippet:-1","max-image-preview":"max-image-preview:large","max-video-preview":"max-video-preview:-1"},"canonical":"https:\/\/indtesa-electronica.com\/en\/tienda-en-linea\/neumatico\/componentes-de-flujo\/manguera-de-aire-neumatica-tubo-transparente-4x2-5mm\/","og_locale":"en_US","og_type":"article","og_title":"Manguera de Aire Neumatica, Tubo Transparente 4x2.5mm | IndTESA","og_description":"Uso flexible, tiene alta elasticidad para restaurar el efecto de memoria, doblado sin arrugas y la mano se siente de alta dureza. La superficie de la manguera es lisa y plana, el color es brillante.  Caracter\u00edsticas de la manguera de aire Pu: Peso ligero; resistencia a la abrasi\u00f3n y qu\u00edmica; ins\u00edpido; alta resistencia mec\u00e1nica, m\u00ednima p\u00e9rdida de presi\u00f3n; conveniente para Pi  Longitud del tubo: 1 metro","og_url":"https:\/\/indtesa-electronica.com\/en\/tienda-en-linea\/neumatico\/componentes-de-flujo\/manguera-de-aire-neumatica-tubo-transparente-4x2-5mm\/","og_site_name":"IndTESA","article_modified_time":"2025-03-01T02:10:29+00:00","og_image":[{"width":580,"height":580,"url":"https:\/\/indtesa-electronica.com\/wp-content\/uploads\/2023\/12\/Manguera-de-Aire-Neumatica-Tubo-Transparente-4x2.5mm.png","type":"image\/png"}],"twitter_card":"summary_large_image","twitter_misc":{"Est. reading time":"1 minute"},"schema":{"@context":"https:\/\/schema.org","@graph":[{"@type":"WebPage","@id":"https:\/\/indtesa-electronica.com\/tienda-en-linea\/neumatico\/componentes-de-flujo\/manguera-de-aire-neumatica-tubo-transparente-4x2-5mm\/","url":"https:\/\/indtesa-electronica.com\/tienda-en-linea\/neumatico\/componentes-de-flujo\/manguera-de-aire-neumatica-tubo-transparente-4x2-5mm\/","name":"Manguera de Aire Neumatica, Tubo Transparente 4x2.5mm | IndTESA","isPartOf":{"@id":"https:\/\/indtesa-electronica.com\/#website"},"primaryImageOfPage":{"@id":"https:\/\/indtesa-electronica.com\/tienda-en-linea\/neumatico\/componentes-de-flujo\/manguera-de-aire-neumatica-tubo-transparente-4x2-5mm\/#primaryimage"},"image":{"@id":"https:\/\/indtesa-electronica.com\/tienda-en-linea\/neumatico\/componentes-de-flujo\/manguera-de-aire-neumatica-tubo-transparente-4x2-5mm\/#primaryimage"},"thumbnailUrl":"https:\/\/indtesa-electronica.com\/wp-content\/uploads\/2023\/12\/Manguera-de-Aire-Neumatica-Tubo-Transparente-4x2.5mm.png","datePublished":"2023-12-07T17:54:08+00:00","dateModified":"2025-03-01T02:10:29+00:00","breadcrumb":{"@id":"https:\/\/indtesa-electronica.com\/tienda-en-linea\/neumatico\/componentes-de-flujo\/manguera-de-aire-neumatica-tubo-transparente-4x2-5mm\/#breadcrumb"},"inLanguage":"en-US","potentialAction":[{"@type":"ReadAction","target":["https:\/\/indtesa-electronica.com\/tienda-en-linea\/neumatico\/componentes-de-flujo\/manguera-de-aire-neumatica-tubo-transparente-4x2-5mm\/"]}]},{"@type":"ImageObject","inLanguage":"en-US","@id":"https:\/\/indtesa-electronica.com\/tienda-en-linea\/neumatico\/componentes-de-flujo\/manguera-de-aire-neumatica-tubo-transparente-4x2-5mm\/#primaryimage","url":"https:\/\/indtesa-electronica.com\/wp-content\/uploads\/2023\/12\/Manguera-de-Aire-Neumatica-Tubo-Transparente-4x2.5mm.png","contentUrl":"https:\/\/indtesa-electronica.com\/wp-content\/uploads\/2023\/12\/Manguera-de-Aire-Neumatica-Tubo-Transparente-4x2.5mm.png","width":580,"height":580},{"@type":"BreadcrumbList","@id":"https:\/\/indtesa-electronica.com\/tienda-en-linea\/neumatico\/componentes-de-flujo\/manguera-de-aire-neumatica-tubo-transparente-4x2-5mm\/#breadcrumb","itemListElement":[{"@type":"ListItem","position":1,"name":"Inicio","item":"https:\/\/indtesa-electronica.com\/"},{"@type":"ListItem","position":2,"name":"Tienda en linea","item":"https:\/\/indtesa-electronica.com\/tienda-en-linea\/"},{"@type":"ListItem","position":3,"name":"Manguera de Aire Neumatica, Tubo Transparente 4&#215;2.5mm"}]},{"@type":"WebSite","@id":"https:\/\/indtesa-electronica.com\/#website","url":"https:\/\/indtesa-electronica.com\/","name":"Electronica - IndTESA","description":"","publisher":{"@id":"https:\/\/indtesa-electronica.com\/#organization"},"potentialAction":[{"@type":"SearchAction","target":{"@type":"EntryPoint","urlTemplate":"https:\/\/indtesa-electronica.com\/?s={search_term_string}"},"query-input":{"@type":"PropertyValueSpecification","valueRequired":true,"valueName":"search_term_string"}}],"inLanguage":"en-US"},{"@type":"Organization","@id":"https:\/\/indtesa-electronica.com\/#organization","name":"Industrial TESA S.A.S. de C.V.","url":"https:\/\/indtesa-electronica.com\/","logo":{"@type":"ImageObject","inLanguage":"en-US","@id":"https:\/\/indtesa-electronica.com\/#\/schema\/logo\/image\/","url":"","contentUrl":"","caption":"Industrial TESA S.A.S. de C.V."},"image":{"@id":"https:\/\/indtesa-electronica.com\/#\/schema\/logo\/image\/"}}]}},"jetpack_sharing_enabled":true,"tiered_pricing_type":"fixed","tiered_pricing_fixed_rules":[],"tiered_pricing_product_settings":{"layout":"default","base_unit_name":{"singular":null,"plural":null},"default_variation":null},"tiered_pricing_minimum_quantity":null,"tiered_pricing_roles_data":[],"tiered_pricing_percentage_rules":[],"_links":{"self":[{"href":"https:\/\/indtesa-electronica.com\/en\/wp-json\/wp\/v2\/product\/9327","targetHints":{"allow":["GET"]}}],"collection":[{"href":"https:\/\/indtesa-electronica.com\/en\/wp-json\/wp\/v2\/product"}],"about":[{"href":"https:\/\/indtesa-electronica.com\/en\/wp-json\/wp\/v2\/types\/product"}],"wp:featuredmedia":[{"embeddable":true,"href":"https:\/\/indtesa-electronica.com\/en\/wp-json\/wp\/v2\/media\/9328"}],"wp:attachment":[{"href":"https:\/\/indtesa-electronica.com\/en\/wp-json\/wp\/v2\/media?parent=9327"}],"wp:term":[{"taxonomy":"product_brand","embeddable":true,"href":"https:\/\/indtesa-electronica.com\/en\/wp-json\/wp\/v2\/product_brand?post=9327"},{"taxonomy":"product_cat","embeddable":true,"href":"https:\/\/indtesa-electronica.com\/en\/wp-json\/wp\/v2\/product_cat?post=9327"},{"taxonomy":"product_tag","embeddable":true,"href":"https:\/\/indtesa-electronica.com\/en\/wp-json\/wp\/v2\/product_tag?post=9327"}],"curies":[{"name":"wp","href":"https:\/\/api.w.org\/{rel}","templated":true}]}}