{"id":9347,"date":"2023-12-07T21:55:31","date_gmt":"2023-12-07T21:55:31","guid":{"rendered":"https:\/\/indtesa-electronica.com\/?post_type=product&#038;p=9347"},"modified":"2025-02-20T02:43:08","modified_gmt":"2025-02-20T02:43:08","slug":"cable-hdmi-a-hdmi-de-alta-velocidad","status":"publish","type":"product","link":"https:\/\/indtesa-electronica.com\/en\/tienda-en-linea\/componentes\/cables\/cable-hdmi-a-hdmi-de-alta-velocidad\/","title":{"rendered":"Cable HDMI a HDMI de Alta Velocidad"},"content":{"rendered":"<p>Cable HDMI flexible y ligero para conectar dispositivos multimedia a pantallas de reproducci\u00f3n como HDTV, proyectores y m\u00e1s<\/p>\n<p>4K @ 60Hz HD, disfrute de la fiesta visual, pantalla grande HD de 1080p para restaurar la calidad de imagen real del mundo. Visi\u00f3n ultra clara sin ning\u00fan retraso, para que no te pierdas ning\u00fan detalle.<\/p>\n<p>Efecto visual estereosc\u00f3pico 3D, imagen v\u00edvida, Visi\u00f3n de cine y televisi\u00f3n, audio de 32 canales, salida de imagen din\u00e1mica HDR.<\/p>\n<p>Amplia gama de aplicaciones: soporte para conectar port\u00e1tiles con salida HDMI, reproductores Blu-ray, televisores HD, monitores, accesorios para proyectores penmama y port\u00e1tiles a televisores 4K de ultra alta definici\u00f3n, proyectores, receptores A\/V, compatibles con Fire TV, Apple TV, PS5 , PS4, Xbox One, Nintendo Switch, etc.<\/p>","protected":false},"excerpt":{"rendered":"<p>Cable HDMI de <strong>1.5 metros<\/strong> de largo<\/p>","protected":false},"featured_media":9348,"template":"","meta":{"_gspb_post_css":""},"product_brand":[],"product_cat":[107],"product_tag":[],"class_list":{"0":"post-9347","1":"product","2":"type-product","3":"status-publish","4":"has-post-thumbnail","6":"product_cat-cables","8":"first","9":"instock","10":"taxable","11":"shipping-taxable","12":"purchasable","13":"product-type-simple"},"ct_brands":[],"yoast_head":"<!-- This site is optimized with the Yoast SEO plugin v27.1.1 - https:\/\/yoast.com\/product\/yoast-seo-wordpress\/ -->\n<title>Cable HDMI a HDMI de Alta Velocidad | IndTESA<\/title>\n<meta name=\"robots\" content=\"index, follow, max-snippet:-1, max-image-preview:large, max-video-preview:-1\" \/>\n<link rel=\"canonical\" href=\"https:\/\/indtesa-electronica.com\/en\/tienda-en-linea\/componentes\/cables\/cable-hdmi-a-hdmi-de-alta-velocidad\/\" \/>\n<meta property=\"og:locale\" content=\"en_US\" \/>\n<meta property=\"og:type\" content=\"article\" \/>\n<meta property=\"og:title\" content=\"Cable HDMI a HDMI de Alta Velocidad | IndTESA\" \/>\n<meta property=\"og:description\" content=\"Cable HDMI de 1.5 metros de largo\" \/>\n<meta property=\"og:url\" content=\"https:\/\/indtesa-electronica.com\/en\/tienda-en-linea\/componentes\/cables\/cable-hdmi-a-hdmi-de-alta-velocidad\/\" \/>\n<meta property=\"og:site_name\" content=\"IndTESA\" \/>\n<meta property=\"article:modified_time\" content=\"2025-02-20T02:43:08+00:00\" \/>\n<meta property=\"og:image\" content=\"https:\/\/indtesa-electronica.com\/wp-content\/uploads\/2023\/12\/Cable-HDMI-a-HDMI-de-alta-velocidad.png\" \/>\n\t<meta property=\"og:image:width\" content=\"460\" \/>\n\t<meta property=\"og:image:height\" content=\"460\" \/>\n\t<meta property=\"og:image:type\" content=\"image\/png\" \/>\n<meta name=\"twitter:card\" content=\"summary_large_image\" \/>\n<meta name=\"twitter:label1\" content=\"Est. reading time\" \/>\n\t<meta name=\"twitter:data1\" content=\"1 minute\" \/>\n<script type=\"application\/ld+json\" class=\"yoast-schema-graph\">{\"@context\":\"https:\/\/schema.org\",\"@graph\":[{\"@type\":\"WebPage\",\"@id\":\"https:\/\/indtesa-electronica.com\/tienda-en-linea\/componentes\/cables\/cable-hdmi-a-hdmi-de-alta-velocidad\/\",\"url\":\"https:\/\/indtesa-electronica.com\/tienda-en-linea\/componentes\/cables\/cable-hdmi-a-hdmi-de-alta-velocidad\/\",\"name\":\"Cable HDMI a HDMI de Alta Velocidad | IndTESA\",\"isPartOf\":{\"@id\":\"https:\/\/indtesa-electronica.com\/#website\"},\"primaryImageOfPage\":{\"@id\":\"https:\/\/indtesa-electronica.com\/tienda-en-linea\/componentes\/cables\/cable-hdmi-a-hdmi-de-alta-velocidad\/#primaryimage\"},\"image\":{\"@id\":\"https:\/\/indtesa-electronica.com\/tienda-en-linea\/componentes\/cables\/cable-hdmi-a-hdmi-de-alta-velocidad\/#primaryimage\"},\"thumbnailUrl\":\"https:\/\/indtesa-electronica.com\/wp-content\/uploads\/2023\/12\/Cable-HDMI-a-HDMI-de-alta-velocidad.png\",\"datePublished\":\"2023-12-07T21:55:31+00:00\",\"dateModified\":\"2025-02-20T02:43:08+00:00\",\"breadcrumb\":{\"@id\":\"https:\/\/indtesa-electronica.com\/tienda-en-linea\/componentes\/cables\/cable-hdmi-a-hdmi-de-alta-velocidad\/#breadcrumb\"},\"inLanguage\":\"en-US\",\"potentialAction\":[{\"@type\":\"ReadAction\",\"target\":[\"https:\/\/indtesa-electronica.com\/tienda-en-linea\/componentes\/cables\/cable-hdmi-a-hdmi-de-alta-velocidad\/\"]}]},{\"@type\":\"ImageObject\",\"inLanguage\":\"en-US\",\"@id\":\"https:\/\/indtesa-electronica.com\/tienda-en-linea\/componentes\/cables\/cable-hdmi-a-hdmi-de-alta-velocidad\/#primaryimage\",\"url\":\"https:\/\/indtesa-electronica.com\/wp-content\/uploads\/2023\/12\/Cable-HDMI-a-HDMI-de-alta-velocidad.png\",\"contentUrl\":\"https:\/\/indtesa-electronica.com\/wp-content\/uploads\/2023\/12\/Cable-HDMI-a-HDMI-de-alta-velocidad.png\",\"width\":460,\"height\":460},{\"@type\":\"BreadcrumbList\",\"@id\":\"https:\/\/indtesa-electronica.com\/tienda-en-linea\/componentes\/cables\/cable-hdmi-a-hdmi-de-alta-velocidad\/#breadcrumb\",\"itemListElement\":[{\"@type\":\"ListItem\",\"position\":1,\"name\":\"Inicio\",\"item\":\"https:\/\/indtesa-electronica.com\/\"},{\"@type\":\"ListItem\",\"position\":2,\"name\":\"Tienda en linea\",\"item\":\"https:\/\/indtesa-electronica.com\/tienda-en-linea\/\"},{\"@type\":\"ListItem\",\"position\":3,\"name\":\"Cable HDMI a HDMI de Alta Velocidad\"}]},{\"@type\":\"WebSite\",\"@id\":\"https:\/\/indtesa-electronica.com\/#website\",\"url\":\"https:\/\/indtesa-electronica.com\/\",\"name\":\"Electronica - IndTESA\",\"description\":\"\",\"publisher\":{\"@id\":\"https:\/\/indtesa-electronica.com\/#organization\"},\"potentialAction\":[{\"@type\":\"SearchAction\",\"target\":{\"@type\":\"EntryPoint\",\"urlTemplate\":\"https:\/\/indtesa-electronica.com\/?s={search_term_string}\"},\"query-input\":{\"@type\":\"PropertyValueSpecification\",\"valueRequired\":true,\"valueName\":\"search_term_string\"}}],\"inLanguage\":\"en-US\"},{\"@type\":\"Organization\",\"@id\":\"https:\/\/indtesa-electronica.com\/#organization\",\"name\":\"Industrial TESA S.A.S. de C.V.\",\"url\":\"https:\/\/indtesa-electronica.com\/\",\"logo\":{\"@type\":\"ImageObject\",\"inLanguage\":\"en-US\",\"@id\":\"https:\/\/indtesa-electronica.com\/#\/schema\/logo\/image\/\",\"url\":\"\",\"contentUrl\":\"\",\"caption\":\"Industrial TESA S.A.S. de C.V.\"},\"image\":{\"@id\":\"https:\/\/indtesa-electronica.com\/#\/schema\/logo\/image\/\"}}]}<\/script>\n<!-- \/ Yoast SEO plugin. -->","yoast_head_json":{"title":"Cable HDMI a HDMI de Alta Velocidad | IndTESA","robots":{"index":"index","follow":"follow","max-snippet":"max-snippet:-1","max-image-preview":"max-image-preview:large","max-video-preview":"max-video-preview:-1"},"canonical":"https:\/\/indtesa-electronica.com\/en\/tienda-en-linea\/componentes\/cables\/cable-hdmi-a-hdmi-de-alta-velocidad\/","og_locale":"en_US","og_type":"article","og_title":"Cable HDMI a HDMI de Alta Velocidad | IndTESA","og_description":"Cable HDMI de 1.5 metros de largo","og_url":"https:\/\/indtesa-electronica.com\/en\/tienda-en-linea\/componentes\/cables\/cable-hdmi-a-hdmi-de-alta-velocidad\/","og_site_name":"IndTESA","article_modified_time":"2025-02-20T02:43:08+00:00","og_image":[{"width":460,"height":460,"url":"https:\/\/indtesa-electronica.com\/wp-content\/uploads\/2023\/12\/Cable-HDMI-a-HDMI-de-alta-velocidad.png","type":"image\/png"}],"twitter_card":"summary_large_image","twitter_misc":{"Est. reading time":"1 minute"},"schema":{"@context":"https:\/\/schema.org","@graph":[{"@type":"WebPage","@id":"https:\/\/indtesa-electronica.com\/tienda-en-linea\/componentes\/cables\/cable-hdmi-a-hdmi-de-alta-velocidad\/","url":"https:\/\/indtesa-electronica.com\/tienda-en-linea\/componentes\/cables\/cable-hdmi-a-hdmi-de-alta-velocidad\/","name":"Cable HDMI a HDMI de Alta Velocidad | IndTESA","isPartOf":{"@id":"https:\/\/indtesa-electronica.com\/#website"},"primaryImageOfPage":{"@id":"https:\/\/indtesa-electronica.com\/tienda-en-linea\/componentes\/cables\/cable-hdmi-a-hdmi-de-alta-velocidad\/#primaryimage"},"image":{"@id":"https:\/\/indtesa-electronica.com\/tienda-en-linea\/componentes\/cables\/cable-hdmi-a-hdmi-de-alta-velocidad\/#primaryimage"},"thumbnailUrl":"https:\/\/indtesa-electronica.com\/wp-content\/uploads\/2023\/12\/Cable-HDMI-a-HDMI-de-alta-velocidad.png","datePublished":"2023-12-07T21:55:31+00:00","dateModified":"2025-02-20T02:43:08+00:00","breadcrumb":{"@id":"https:\/\/indtesa-electronica.com\/tienda-en-linea\/componentes\/cables\/cable-hdmi-a-hdmi-de-alta-velocidad\/#breadcrumb"},"inLanguage":"en-US","potentialAction":[{"@type":"ReadAction","target":["https:\/\/indtesa-electronica.com\/tienda-en-linea\/componentes\/cables\/cable-hdmi-a-hdmi-de-alta-velocidad\/"]}]},{"@type":"ImageObject","inLanguage":"en-US","@id":"https:\/\/indtesa-electronica.com\/tienda-en-linea\/componentes\/cables\/cable-hdmi-a-hdmi-de-alta-velocidad\/#primaryimage","url":"https:\/\/indtesa-electronica.com\/wp-content\/uploads\/2023\/12\/Cable-HDMI-a-HDMI-de-alta-velocidad.png","contentUrl":"https:\/\/indtesa-electronica.com\/wp-content\/uploads\/2023\/12\/Cable-HDMI-a-HDMI-de-alta-velocidad.png","width":460,"height":460},{"@type":"BreadcrumbList","@id":"https:\/\/indtesa-electronica.com\/tienda-en-linea\/componentes\/cables\/cable-hdmi-a-hdmi-de-alta-velocidad\/#breadcrumb","itemListElement":[{"@type":"ListItem","position":1,"name":"Inicio","item":"https:\/\/indtesa-electronica.com\/"},{"@type":"ListItem","position":2,"name":"Tienda en linea","item":"https:\/\/indtesa-electronica.com\/tienda-en-linea\/"},{"@type":"ListItem","position":3,"name":"Cable HDMI a HDMI de Alta Velocidad"}]},{"@type":"WebSite","@id":"https:\/\/indtesa-electronica.com\/#website","url":"https:\/\/indtesa-electronica.com\/","name":"Electronica - IndTESA","description":"","publisher":{"@id":"https:\/\/indtesa-electronica.com\/#organization"},"potentialAction":[{"@type":"SearchAction","target":{"@type":"EntryPoint","urlTemplate":"https:\/\/indtesa-electronica.com\/?s={search_term_string}"},"query-input":{"@type":"PropertyValueSpecification","valueRequired":true,"valueName":"search_term_string"}}],"inLanguage":"en-US"},{"@type":"Organization","@id":"https:\/\/indtesa-electronica.com\/#organization","name":"Industrial TESA S.A.S. de C.V.","url":"https:\/\/indtesa-electronica.com\/","logo":{"@type":"ImageObject","inLanguage":"en-US","@id":"https:\/\/indtesa-electronica.com\/#\/schema\/logo\/image\/","url":"","contentUrl":"","caption":"Industrial TESA S.A.S. de C.V."},"image":{"@id":"https:\/\/indtesa-electronica.com\/#\/schema\/logo\/image\/"}}]}},"jetpack_sharing_enabled":true,"tiered_pricing_type":"fixed","tiered_pricing_fixed_rules":[],"tiered_pricing_product_settings":{"layout":"default","base_unit_name":{"singular":null,"plural":null},"default_variation":null},"tiered_pricing_minimum_quantity":null,"tiered_pricing_roles_data":[],"tiered_pricing_percentage_rules":[],"_links":{"self":[{"href":"https:\/\/indtesa-electronica.com\/en\/wp-json\/wp\/v2\/product\/9347","targetHints":{"allow":["GET"]}}],"collection":[{"href":"https:\/\/indtesa-electronica.com\/en\/wp-json\/wp\/v2\/product"}],"about":[{"href":"https:\/\/indtesa-electronica.com\/en\/wp-json\/wp\/v2\/types\/product"}],"wp:featuredmedia":[{"embeddable":true,"href":"https:\/\/indtesa-electronica.com\/en\/wp-json\/wp\/v2\/media\/9348"}],"wp:attachment":[{"href":"https:\/\/indtesa-electronica.com\/en\/wp-json\/wp\/v2\/media?parent=9347"}],"wp:term":[{"taxonomy":"product_brand","embeddable":true,"href":"https:\/\/indtesa-electronica.com\/en\/wp-json\/wp\/v2\/product_brand?post=9347"},{"taxonomy":"product_cat","embeddable":true,"href":"https:\/\/indtesa-electronica.com\/en\/wp-json\/wp\/v2\/product_cat?post=9347"},{"taxonomy":"product_tag","embeddable":true,"href":"https:\/\/indtesa-electronica.com\/en\/wp-json\/wp\/v2\/product_tag?post=9347"}],"curies":[{"name":"wp","href":"https:\/\/api.w.org\/{rel}","templated":true}]}}